{"id":4114,"date":"2024-05-29T07:08:48","date_gmt":"2024-05-29T07:08:48","guid":{"rendered":"https:\/\/interiorismecostabrava.com\/kit-digital\/"},"modified":"2024-06-14T11:13:07","modified_gmt":"2024-06-14T11:13:07","slug":"kit-digital","status":"publish","type":"page","link":"https:\/\/interiorismecostabrava.com\/es\/kit-digital\/","title":{"rendered":"Kit Digital"},"content":{"rendered":"<p><div class=\"fusion-fullwidth fullwidth-box fusion-builder-row-1 fusion-flex-container fusion-parallax-none hundred-percent-fullwidth non-hundred-percent-height-scrolling lazyload\" style=\"--awb-border-sizes-top:0px;--awb-border-sizes-bottom:0px;--awb-border-sizes-left:0px;--awb-border-sizes-right:0px;--awb-border-color:var(--awb-color3);--awb-border-radius-top-left:0px;--awb-border-radius-top-right:0px;--awb-border-radius-bottom-right:0px;--awb-border-radius-bottom-left:0px;--awb-padding-top:2%;--awb-padding-bottom:4%;--awb-padding-bottom-medium:20px;--awb-background-size:cover;--awb-flex-wrap:wrap;\" data-bg=\"https:\/\/interiorismecostabrava.com\/wp-content\/uploads\/2020\/01\/hero-product-landing-scaled.jpg\" ><div class=\"fusion-builder-row fusion-row fusion-flex-align-items-flex-start fusion-flex-content-wrap\" style=\"width:104% !important;max-width:104% !important;margin-left: calc(-4% \/ 2 );margin-right: calc(-4% \/ 2 );\"><div class=\"fusion-layout-column fusion_builder_column fusion-builder-column-0 fusion_builder_column_1_1 1_1 fusion-flex-column\" style=\"--awb-bg-size:cover;--awb-width-large:100%;--awb-margin-top-large:25px;--awb-spacing-right-large:1.92%;--awb-margin-bottom-large:25px;--awb-spacing-left-large:1.92%;--awb-width-medium:100%;--awb-order-medium:0;--awb-spacing-right-medium:1.92%;--awb-spacing-left-medium:1.92%;--awb-width-small:100%;--awb-order-small:0;--awb-spacing-right-small:1.92%;--awb-spacing-left-small:1.92%;\"><div class=\"fusion-column-wrapper fusion-column-has-shadow fusion-flex-justify-content-flex-start fusion-content-layout-column\"><\/div><\/div><\/div><\/div><div class=\"fusion-fullwidth fullwidth-box fusion-builder-row-2 fusion-flex-container nonhundred-percent-fullwidth non-hundred-percent-height-scrolling\" style=\"--awb-border-radius-top-left:0px;--awb-border-radius-top-right:0px;--awb-border-radius-bottom-right:0px;--awb-border-radius-bottom-left:0px;--awb-padding-top:20px;--awb-padding-bottom:60px;--awb-flex-wrap:wrap;\" ><div class=\"fusion-builder-row fusion-row fusion-flex-align-items-flex-start fusion-flex-content-wrap\" style=\"max-width:1320.8px;margin-left: calc(-4% \/ 2 );margin-right: calc(-4% \/ 2 );\"><div class=\"fusion-layout-column fusion_builder_column fusion-builder-column-1 fusion_builder_column_1_1 1_1 fusion-flex-column\" style=\"--awb-bg-size:cover;--awb-width-large:100%;--awb-margin-top-large:25px;--awb-spacing-right-large:2.88%;--awb-margin-bottom-large:30px;--awb-spacing-left-large:2.88%;--awb-width-medium:100%;--awb-margin-top-medium:10px;--awb-spacing-right-medium:1.92%;--awb-margin-bottom-medium:10px;--awb-spacing-left-medium:1.92%;--awb-width-small:100%;--awb-spacing-right-small:1.92%;--awb-spacing-left-small:1.92%;\"><div class=\"fusion-column-wrapper fusion-column-has-shadow fusion-flex-justify-content-flex-start fusion-content-layout-column\"><div class=\"fusion-title title fusion-title-1 fusion-sep-none fusion-title-center fusion-title-text fusion-title-size-two\" style=\"--awb-margin-top-small:8px;--awb-margin-right-small:0px;--awb-margin-bottom-small:16px;--awb-margin-left-small:0px;\"><h2 class=\"fusion-title-heading title-heading-center fusion-responsive-typography-calculated\" style=\"margin:0;--fontSize:44;line-height:1.26;\">KIT DIGITAL<\/h2><\/div><div class=\"fusion-text fusion-text-1\"><p style=\"color: var(--awb-custom_color_1);\">Financiado por la Uni\u00f3n Europea &#8211; NextGenerationEU. Sin embargo, los puntos de vista y opiniones expresados son \u00fanicamente los del autor o autores y no reflejan necesariamente los de la Uni\u00f3n Europea o la Comisi\u00f3n Europea. Ni la Uni\u00f3n Europea ni la Comisi\u00f3n Europea pueden ser consideradas responsables de los mismos.<\/p>\n<\/div><div class=\"fusion-image-element \" style=\"--awb-caption-title-font-family:var(--h2_typography-font-family);--awb-caption-title-font-weight:var(--h2_typography-font-weight);--awb-caption-title-font-style:var(--h2_typography-font-style);--awb-caption-title-size:var(--h2_typography-font-size);--awb-caption-title-transform:var(--h2_typography-text-transform);--awb-caption-title-line-height:var(--h2_typography-line-height);--awb-caption-title-letter-spacing:var(--h2_typography-letter-spacing);\"><span class=\" fusion-imageframe imageframe-none imageframe-1 hover-type-none\"><img decoding=\"async\" width=\"2048\" height=\"237\" alt=\"logos del kit digital\" title=\"kit digital imatge\" src=\"https:\/\/interiorismecostabrava.com\/wp-content\/uploads\/2024\/05\/kit-digital-imatge.png\" data-orig-src=\"https:\/\/interiorismecostabrava.com\/wp-content\/uploads\/2024\/05\/kit-digital-imatge.png\" class=\"lazyload img-responsive wp-image-3811\" srcset=\"data:image\/svg+xml,%3Csvg%20xmlns%3D%27http%3A%2F%2Fwww.w3.org%2F2000%2Fsvg%27%20width%3D%272048%27%20height%3D%27237%27%20viewBox%3D%270%200%202048%20237%27%3E%3Crect%20width%3D%272048%27%20height%3D%27237%27%20fill-opacity%3D%220%22%2F%3E%3C%2Fsvg%3E\" data-srcset=\"https:\/\/interiorismecostabrava.com\/wp-content\/uploads\/2024\/05\/kit-digital-imatge-200x23.png 200w, https:\/\/interiorismecostabrava.com\/wp-content\/uploads\/2024\/05\/kit-digital-imatge-400x46.png 400w, https:\/\/interiorismecostabrava.com\/wp-content\/uploads\/2024\/05\/kit-digital-imatge-600x69.png 600w, https:\/\/interiorismecostabrava.com\/wp-content\/uploads\/2024\/05\/kit-digital-imatge-800x93.png 800w, https:\/\/interiorismecostabrava.com\/wp-content\/uploads\/2024\/05\/kit-digital-imatge-1200x139.png 1200w, https:\/\/interiorismecostabrava.com\/wp-content\/uploads\/2024\/05\/kit-digital-imatge.png 2048w\" data-sizes=\"auto\" data-orig-sizes=\"(max-width: 1024px) 100vw, (max-width: 640px) 100vw, 2048px\" \/><\/span><\/div><\/div><\/div><\/div><\/div><\/p>\n","protected":false},"excerpt":{"rendered":"","protected":false},"author":2,"featured_media":0,"parent":0,"menu_order":4000,"comment_status":"closed","ping_status":"closed","template":"100-width.php","meta":{"footnotes":""},"class_list":["post-4114","page","type-page","status-publish","hentry"],"yoast_head":"<!-- This site is optimized with the Yoast SEO plugin v27.5 - https:\/\/yoast.com\/product\/yoast-seo-wordpress\/ -->\n<title>Kit Digital - Interiorisme Costa Brava<\/title>\n<meta name=\"robots\" content=\"index, follow, max-snippet:-1, max-image-preview:large, max-video-preview:-1\" \/>\n<link rel=\"canonical\" href=\"https:\/\/interiorismecostabrava.com\/es\/kit-digital\/\" \/>\n<meta property=\"og:locale\" content=\"es_ES\" \/>\n<meta property=\"og:type\" content=\"article\" \/>\n<meta property=\"og:title\" content=\"Kit Digital - Interiorisme Costa Brava\" \/>\n<meta property=\"og:url\" content=\"https:\/\/interiorismecostabrava.com\/es\/kit-digital\/\" \/>\n<meta property=\"og:site_name\" content=\"Interiorisme Costa Brava\" \/>\n<meta property=\"article:modified_time\" content=\"2024-06-14T11:13:07+00:00\" \/>\n<meta name=\"twitter:card\" content=\"summary_large_image\" \/>\n<meta name=\"twitter:label1\" content=\"Tiempo de lectura\" \/>\n\t<meta name=\"twitter:data1\" content=\"7 minutos\" \/>\n<script type=\"application\/ld+json\" class=\"yoast-schema-graph\">{\"@context\":\"https:\\\/\\\/schema.org\",\"@graph\":[{\"@type\":\"WebPage\",\"@id\":\"https:\\\/\\\/interiorismecostabrava.com\\\/es\\\/kit-digital\\\/\",\"url\":\"https:\\\/\\\/interiorismecostabrava.com\\\/es\\\/kit-digital\\\/\",\"name\":\"Kit Digital - Interiorisme Costa Brava\",\"isPartOf\":{\"@id\":\"https:\\\/\\\/interiorismecostabrava.com\\\/es\\\/#website\"},\"datePublished\":\"2024-05-29T07:08:48+00:00\",\"dateModified\":\"2024-06-14T11:13:07+00:00\",\"breadcrumb\":{\"@id\":\"https:\\\/\\\/interiorismecostabrava.com\\\/es\\\/kit-digital\\\/#breadcrumb\"},\"inLanguage\":\"es\",\"potentialAction\":[{\"@type\":\"ReadAction\",\"target\":[\"https:\\\/\\\/interiorismecostabrava.com\\\/es\\\/kit-digital\\\/\"]}]},{\"@type\":\"BreadcrumbList\",\"@id\":\"https:\\\/\\\/interiorismecostabrava.com\\\/es\\\/kit-digital\\\/#breadcrumb\",\"itemListElement\":[{\"@type\":\"ListItem\",\"position\":1,\"name\":\"Inici\",\"item\":\"https:\\\/\\\/interiorismecostabrava.com\\\/es\\\/\"},{\"@type\":\"ListItem\",\"position\":2,\"name\":\"Kit Digital\"}]},{\"@type\":\"WebSite\",\"@id\":\"https:\\\/\\\/interiorismecostabrava.com\\\/es\\\/#website\",\"url\":\"https:\\\/\\\/interiorismecostabrava.com\\\/es\\\/\",\"name\":\"Interiorisme Costa Brava\",\"description\":\"\",\"potentialAction\":[{\"@type\":\"SearchAction\",\"target\":{\"@type\":\"EntryPoint\",\"urlTemplate\":\"https:\\\/\\\/interiorismecostabrava.com\\\/es\\\/?s={search_term_string}\"},\"query-input\":{\"@type\":\"PropertyValueSpecification\",\"valueRequired\":true,\"valueName\":\"search_term_string\"}}],\"inLanguage\":\"es\"}]}<\/script>\n<!-- \/ Yoast SEO plugin. -->","yoast_head_json":{"title":"Kit Digital - Interiorisme Costa Brava","robots":{"index":"index","follow":"follow","max-snippet":"max-snippet:-1","max-image-preview":"max-image-preview:large","max-video-preview":"max-video-preview:-1"},"canonical":"https:\/\/interiorismecostabrava.com\/es\/kit-digital\/","og_locale":"es_ES","og_type":"article","og_title":"Kit Digital - Interiorisme Costa Brava","og_url":"https:\/\/interiorismecostabrava.com\/es\/kit-digital\/","og_site_name":"Interiorisme Costa Brava","article_modified_time":"2024-06-14T11:13:07+00:00","twitter_card":"summary_large_image","twitter_misc":{"Tiempo de lectura":"7 minutos"},"schema":{"@context":"https:\/\/schema.org","@graph":[{"@type":"WebPage","@id":"https:\/\/interiorismecostabrava.com\/es\/kit-digital\/","url":"https:\/\/interiorismecostabrava.com\/es\/kit-digital\/","name":"Kit Digital - Interiorisme Costa Brava","isPartOf":{"@id":"https:\/\/interiorismecostabrava.com\/es\/#website"},"datePublished":"2024-05-29T07:08:48+00:00","dateModified":"2024-06-14T11:13:07+00:00","breadcrumb":{"@id":"https:\/\/interiorismecostabrava.com\/es\/kit-digital\/#breadcrumb"},"inLanguage":"es","potentialAction":[{"@type":"ReadAction","target":["https:\/\/interiorismecostabrava.com\/es\/kit-digital\/"]}]},{"@type":"BreadcrumbList","@id":"https:\/\/interiorismecostabrava.com\/es\/kit-digital\/#breadcrumb","itemListElement":[{"@type":"ListItem","position":1,"name":"Inici","item":"https:\/\/interiorismecostabrava.com\/es\/"},{"@type":"ListItem","position":2,"name":"Kit Digital"}]},{"@type":"WebSite","@id":"https:\/\/interiorismecostabrava.com\/es\/#website","url":"https:\/\/interiorismecostabrava.com\/es\/","name":"Interiorisme Costa Brava","description":"","potentialAction":[{"@type":"SearchAction","target":{"@type":"EntryPoint","urlTemplate":"https:\/\/interiorismecostabrava.com\/es\/?s={search_term_string}"},"query-input":{"@type":"PropertyValueSpecification","valueRequired":true,"valueName":"search_term_string"}}],"inLanguage":"es"}]}},"_links":{"self":[{"href":"https:\/\/interiorismecostabrava.com\/es\/wp-json\/wp\/v2\/pages\/4114","targetHints":{"allow":["GET"]}}],"collection":[{"href":"https:\/\/interiorismecostabrava.com\/es\/wp-json\/wp\/v2\/pages"}],"about":[{"href":"https:\/\/interiorismecostabrava.com\/es\/wp-json\/wp\/v2\/types\/page"}],"author":[{"embeddable":true,"href":"https:\/\/interiorismecostabrava.com\/es\/wp-json\/wp\/v2\/users\/2"}],"replies":[{"embeddable":true,"href":"https:\/\/interiorismecostabrava.com\/es\/wp-json\/wp\/v2\/comments?post=4114"}],"version-history":[{"count":1,"href":"https:\/\/interiorismecostabrava.com\/es\/wp-json\/wp\/v2\/pages\/4114\/revisions"}],"predecessor-version":[{"id":4115,"href":"https:\/\/interiorismecostabrava.com\/es\/wp-json\/wp\/v2\/pages\/4114\/revisions\/4115"}],"wp:attachment":[{"href":"https:\/\/interiorismecostabrava.com\/es\/wp-json\/wp\/v2\/media?parent=4114"}],"curies":[{"name":"wp","href":"https:\/\/api.w.org\/{rel}","templated":true}]}}